{"id":2,"date":"2016-01-03T17:07:59","date_gmt":"2016-01-03T16:07:59","guid":{"rendered":"http:\/\/www.delphines-honey.fr\/?page_id=2"},"modified":"2017-03-24T09:46:39","modified_gmt":"2017-03-24T08:46:39","slug":"page-d-exemple","status":"publish","type":"page","link":"https:\/\/www.delphines-honey.fr\/","title":{"rendered":"Bienvenue sur le site de Delphine&rsquo;s Honey !"},"content":{"rendered":"<p>&nbsp;<\/p>\n<p>Bonjour \u00e0 tous,<\/p>\n<p>Moi, c&rsquo;est Delphine. Je suis apicultrice dans l&rsquo;H\u00e9rault.<\/p>\n<p>Pour les gourmands, je vends du miel en mode de production biologique.<\/p>\n<p>Pour les curieux, je propose des prestations p\u00e9dagogiques.<\/p>\n<p>Cliquer sur l&rsquo;image pour acc\u00e9der \u00e0 la page facebook.<\/p>\n<p><a href=\"https:\/\/www.facebook.com\/Delphines-Honey-1537088946602862\/\"><img loading=\"lazy\" class=\"aligncenter wp-image-729 size-medium\" src=\"http:\/\/www.delphines-honey.fr\/wp-content\/uploads\/2017\/03\/delphine-honeys-face1-01-1-Copie-300x191.png\" alt=\"\" width=\"300\" height=\"191\" srcset=\"https:\/\/www.delphines-honey.fr\/wp-content\/uploads\/2017\/03\/delphine-honeys-face1-01-1-Copie-300x191.png 300w, https:\/\/www.delphines-honey.fr\/wp-content\/uploads\/2017\/03\/delphine-honeys-face1-01-1-Copie-768x488.png 768w, https:\/\/www.delphines-honey.fr\/wp-content\/uploads\/2017\/03\/delphine-honeys-face1-01-1-Copie-1024x650.png 1024w\" sizes=\"(max-width: 300px) 100vw, 300px\" \/><\/a><\/p>\n","protected":false},"excerpt":{"rendered":"<p>&nbsp; Bonjour \u00e0 tous, Moi, c&rsquo;est Delphine. Je suis apicultrice dans l&rsquo;H\u00e9rault. Pour les gourmands, je vends du miel en mode de production biologique. Pour les curieux, je propose des prestations p\u00e9dagogiques. Cliquer sur l&rsquo;image pour acc\u00e9der \u00e0 la page facebook.<\/p>\n","protected":false},"author":1,"featured_media":729,"parent":0,"menu_order":1,"comment_status":"closed","ping_status":"closed","template":"","meta":[],"_links":{"self":[{"href":"https:\/\/www.delphines-honey.fr\/index.php?rest_route=\/wp\/v2\/pages\/2"}],"collection":[{"href":"https:\/\/www.delphines-honey.fr\/index.php?rest_route=\/wp\/v2\/pages"}],"about":[{"href":"https:\/\/www.delphines-honey.fr\/index.php?rest_route=\/wp\/v2\/types\/page"}],"author":[{"embeddable":true,"href":"https:\/\/www.delphines-honey.fr\/index.php?rest_route=\/wp\/v2\/users\/1"}],"replies":[{"embeddable":true,"href":"https:\/\/www.delphines-honey.fr\/index.php?rest_route=%2Fwp%2Fv2%2Fcomments&post=2"}],"version-history":[{"count":21,"href":"https:\/\/www.delphines-honey.fr\/index.php?rest_route=\/wp\/v2\/pages\/2\/revisions"}],"predecessor-version":[{"id":754,"href":"https:\/\/www.delphines-honey.fr\/index.php?rest_route=\/wp\/v2\/pages\/2\/revisions\/754"}],"wp:featuredmedia":[{"embeddable":true,"href":"https:\/\/www.delphines-honey.fr\/index.php?rest_route=\/wp\/v2\/media\/729"}],"wp:attachment":[{"href":"https:\/\/www.delphines-honey.fr\/index.php?rest_route=%2Fwp%2Fv2%2Fmedia&parent=2"}],"curies":[{"name":"wp","href":"https:\/\/api.w.org\/{rel}","templated":true}]}}